{"id":90,"date":"2025-10-13T16:49:07","date_gmt":"2025-10-13T16:49:07","guid":{"rendered":"https:\/\/www.pelutspelpirineu.ad\/?page_id=90"},"modified":"2025-10-14T11:59:59","modified_gmt":"2025-10-14T11:59:59","slug":"onlineshop","status":"publish","type":"page","link":"https:\/\/www.pelutspelpirineu.ad\/?page_id=90","title":{"rendered":"Botiga Online"},"content":{"rendered":"<p>[et_pb_section fb_built=\u00bb1&#8243; next_background_color=\u00bb#5b2e0d\u00bb admin_label=\u00bbHeader\u00bb _builder_version=\u00bb4.27.4&#8243; _module_preset=\u00bbdefault\u00bb background_color=\u00bb#EDD1B0&#8243; background_image=\u00bbhttps:\/\/www.pelutspelpirineu.ad\/wp-content\/uploads\/2025\/10\/pet-shop-19.png\u00bb custom_margin=\u00bb||4vw||false|false\u00bb custom_padding=\u00bb||||false|false\u00bb bottom_divider_style=\u00bbcurve\u00bb bottom_divider_height=\u00bb21vw\u00bb bottom_divider_repeat=\u00bb0.7x\u00bb hover_enabled=\u00bb0&#8243; global_colors_info=\u00bb{}\u00bb height_last_edited=\u00bbon|phone\u00bb height_phone=\u00bb638px\u00bb sticky_enabled=\u00bb0&#8243;][et_pb_row column_structure=\u00bb1_2,1_2&#8243; _builder_version=\u00bb4.16&#8243; _module_preset=\u00bbdefault\u00bb locked=\u00bboff\u00bb global_colors_info=\u00bb{}\u00bb][et_pb_column type=\u00bb1_2&#8243; _builder_version=\u00bb4.16&#8243; _module_preset=\u00bbdefault\u00bb custom_padding=\u00bb50px||||false|false\u00bb custom_padding_tablet=\u00bb0px||||false|false\u00bb custom_padding_phone=\u00bb\u00bb custom_padding_last_edited=\u00bbon|desktop\u00bb global_colors_info=\u00bb{}\u00bb][et_pb_text _builder_version=\u00bb4.27.4&#8243; _module_preset=\u00bbdefault\u00bb text_font=\u00bbAllerta Stencil|700|||||||\u00bb header_font=\u00bbDynaPuff|700|||||||\u00bb header_text_color=\u00bb#5B2E0D\u00bb header_font_size=\u00bb52px\u00bb header_line_height=\u00bb1.3em\u00bb header_2_line_height=\u00bb1.3em\u00bb width=\u00bb100%\u00bb custom_margin=\u00bb||10px||false|false\u00bb header_font_size_tablet=\u00bb30px\u00bb header_font_size_phone=\u00bb24px\u00bb header_font_size_last_edited=\u00bbon|phone\u00bb header_line_height_tablet=\u00bb1.5em\u00bb header_line_height_phone=\u00bb1.6em\u00bb header_line_height_last_edited=\u00bbon|phone\u00bb header_2_line_height_tablet=\u00bb1.5em\u00bb header_2_line_height_phone=\u00bb1.6em\u00bb header_2_line_height_last_edited=\u00bbon|desktop\u00bb locked=\u00bboff\u00bb global_colors_info=\u00bb{}\u00bb]<\/p>\n<h1>Botiga Online<\/h1>\n<p>[\/et_pb_text][et_pb_text _builder_version=\u00bb4.27.4&#8243; _module_preset=\u00bbdefault\u00bb text_font=\u00bbAllerta Stencil|700|||||||\u00bb text_text_color=\u00bb#5B2E0D\u00bb text_font_size=\u00bb22px\u00bb text_line_height=\u00bb1.4em\u00bb header_2_line_height=\u00bb1.3em\u00bb text_font_size_tablet=\u00bb18px\u00bb text_font_size_phone=\u00bb14px\u00bb text_font_size_last_edited=\u00bbon|tablet\u00bb text_line_height_tablet=\u00bb1.6em\u00bb text_line_height_phone=\u00bb1.8em\u00bb text_line_height_last_edited=\u00bbon|phone\u00bb header_2_line_height_tablet=\u00bb1.5em\u00bb header_2_line_height_phone=\u00bb1.6em\u00bb header_2_line_height_last_edited=\u00bbon|desktop\u00bb global_colors_info=\u00bb{}\u00bb]<\/p>\n<p>Aqu\u00ed podr\u00e0s trobar records, detalls o altres obsequis per ajudar a fer cr\u00e9ixer la fam\u00edlia de Peluts pel Pirineu. Estem segurs que t&#8217;arrencaran un somriure!<\/p>\n<p>[\/et_pb_text][et_pb_button button_url=\u00bb#seccio-botiga\u00bb button_text=\u00bbVes als productes\u00bb button_alignment=\u00bbleft\u00bb _builder_version=\u00bb4.27.4&#8243; _module_preset=\u00bbdefault\u00bb custom_button=\u00bbon\u00bb button_text_color=\u00bb#EDD1B0&#8243; button_bg_color=\u00bb#5B2E0D\u00bb button_border_color=\u00bbrgba(0,0,0,0)\u00bb button_border_radius=\u00bb10px\u00bb button_font=\u00bbAllerta Stencil|700|||||||\u00bb button_icon=\u00bb&#xe073;||divi||400&#8243; button_icon_color=\u00bb#EDD1B0&#8243; background_layout=\u00bbdark\u00bb custom_padding=\u00bb12px|40px|12px|40px|true|true\u00bb button_text_shadow_style=\u00bbpreset1&#8243; locked=\u00bboff\u00bb global_colors_info=\u00bb{}\u00bb][\/et_pb_button][\/et_pb_column][et_pb_column type=\u00bb1_2&#8243; _builder_version=\u00bb4.16&#8243; _module_preset=\u00bbdefault\u00bb global_colors_info=\u00bb{}\u00bb][et_pb_image src=\u00bbhttps:\/\/www.pelutspelpirineu.ad\/wp-content\/uploads\/2025\/10\/pet-shop-64.png\u00bb title_text=\u00bbpet-shop-64&#8243; align=\u00bbright\u00bb _builder_version=\u00bb4.16&#8243; _module_preset=\u00bbdefault\u00bb max_height_tablet=\u00bb400px\u00bb max_height_phone=\u00bb260px\u00bb max_height_last_edited=\u00bbon|tablet\u00bb custom_margin=\u00bb||-8vw||false|false\u00bb custom_margin_tablet=\u00bb|0vw|-20vw||false|false\u00bb custom_margin_phone=\u00bb||-30vw||false|false\u00bb custom_margin_last_edited=\u00bboff|desktop\u00bb scroll_horizontal_motion_enable=\u00bbon\u00bb scroll_horizontal_motion=\u00bb0|50|50|100|1|0|-1&#8243; global_colors_info=\u00bb{}\u00bb][\/et_pb_image][\/et_pb_column][\/et_pb_row][\/et_pb_section][et_pb_section fb_built=\u00bb1&#8243; admin_label=\u00bbProducts\u00bb _builder_version=\u00bb4.16&#8243; _module_preset=\u00bbdefault\u00bb hover_enabled=\u00bb0&#8243; locked=\u00bboff\u00bb global_colors_info=\u00bb{}\u00bb sticky_enabled=\u00bb0&#8243;][et_pb_row column_structure=\u00bb1_3,1_3,1_3&#8243; make_equal=\u00bbon\u00bb module_id=\u00bbseccio-botiga\u00bb _builder_version=\u00bb4.27.4&#8243; _module_preset=\u00bbdefault\u00bb locked=\u00bboff\u00bb global_colors_info=\u00bb{}\u00bb][et_pb_column type=\u00bb1_3&#8243; _builder_version=\u00bb4.27.4&#8243; _module_preset=\u00bbdefault\u00bb background_color=\u00bb#EDD1B0&#8243; overflow-x=\u00bbvisible\u00bb overflow-y=\u00bbvisible\u00bb custom_padding=\u00bb30px|20px|30px|20px|true|true\u00bb border_radii=\u00bbon|10px|10px|10px|10px\u00bb box_shadow_style=\u00bbpreset3&#8243; box_shadow_vertical=\u00bb15px\u00bb box_shadow_blur=\u00bb55px\u00bb box_shadow_spread=\u00bb-10px\u00bb box_shadow_color=\u00bbrgba(19,76,95,0.15)\u00bb global_colors_info=\u00bb{}\u00bb][et_pb_image src=\u00bbhttps:\/\/www.pelutspelpirineu.ad\/wp-content\/uploads\/2025\/10\/regal.png\u00bb title_text=\u00bbregal\u00bb align=\u00bbcenter\u00bb _builder_version=\u00bb4.27.4&#8243; _module_preset=\u00bbdefault\u00bb background_image=\u00bbhttps:\/\/www.pelutspelpirineu.ad\/wp-content\/uploads\/2025\/10\/pet-shop-02.png\u00bb background_size=\u00bbcontain\u00bb z_index=\u00bb1&#8243; width=\u00bb20%\u00bb custom_margin_tablet=\u00bb0px||||false|false\u00bb custom_margin_last_edited=\u00bboff|desktop\u00bb global_colors_info=\u00bb{}\u00bb][\/et_pb_image][et_pb_text _builder_version=\u00bb4.27.4&#8243; _module_preset=\u00bbdefault\u00bb text_font=\u00bbJosefin Sans||||||||\u00bb text_text_color=\u00bb#000000&#8243; text_font_size=\u00bb16px\u00bb text_line_height=\u00bb1.4em\u00bb link_text_color=\u00bb#134c5f\u00bb header_font=\u00bbDynaPuff||||||||\u00bb header_3_font=\u00bbDynaPuff|700|||||||\u00bb header_3_text_color=\u00bb#5B2E0D\u00bb header_3_font_size=\u00bb27px\u00bb header_3_line_height=\u00bb1.4em\u00bb text_orientation=\u00bbcenter\u00bb text_font_size_tablet=\u00bb\u00bb text_font_size_phone=\u00bb14px\u00bb text_font_size_last_edited=\u00bbon|phone\u00bb text_line_height_tablet=\u00bb1.6em\u00bb text_line_height_phone=\u00bb1.8em\u00bb text_line_height_last_edited=\u00bbon|tablet\u00bb header_3_font_size_tablet=\u00bb18px\u00bb header_3_font_size_phone=\u00bb16px\u00bb header_3_font_size_last_edited=\u00bbon|phone\u00bb header_3_line_height_tablet=\u00bb1.5em\u00bb header_3_line_height_phone=\u00bb1.6em\u00bb header_3_line_height_last_edited=\u00bbon|phone\u00bb global_colors_info=\u00bb{}\u00bb]<\/p>\n<h3>Manualitats<\/h3>\n<p>[\/et_pb_text][\/et_pb_column][et_pb_column type=\u00bb1_3&#8243; _builder_version=\u00bb4.27.4&#8243; _module_preset=\u00bbdefault\u00bb background_color=\u00bb#EDD1B0&#8243; overflow-x=\u00bbvisible\u00bb overflow-y=\u00bbvisible\u00bb custom_padding=\u00bb30px|20px|30px|20px|true|true\u00bb border_radii=\u00bbon|10px|10px|10px|10px\u00bb box_shadow_style=\u00bbpreset3&#8243; box_shadow_vertical=\u00bb15px\u00bb box_shadow_blur=\u00bb55px\u00bb box_shadow_spread=\u00bb-10px\u00bb box_shadow_color=\u00bbrgba(19,76,95,0.15)\u00bb global_colors_info=\u00bb{}\u00bb][et_pb_image src=\u00bbhttps:\/\/www.pelutspelpirineu.ad\/wp-content\/uploads\/2025\/10\/collar.png\u00bb title_text=\u00bbcollar\u00bb align=\u00bbcenter\u00bb _builder_version=\u00bb4.27.4&#8243; _module_preset=\u00bbdefault\u00bb background_color=\u00bbRGBA(255,255,255,0)\u00bb background_image=\u00bbhttps:\/\/www.pelutspelpirineu.ad\/wp-content\/uploads\/2025\/10\/pet-shop-03.png\u00bb background_size=\u00bbcontain\u00bb z_index=\u00bb1&#8243; width=\u00bb20%\u00bb locked=\u00bboff\u00bb global_colors_info=\u00bb{}\u00bb][\/et_pb_image][et_pb_text _builder_version=\u00bb4.27.4&#8243; _module_preset=\u00bbdefault\u00bb text_font=\u00bbJosefin Sans||||||||\u00bb text_text_color=\u00bb#000000&#8243; text_font_size=\u00bb16px\u00bb text_line_height=\u00bb1.4em\u00bb link_text_color=\u00bb#134c5f\u00bb header_3_font=\u00bbDynaPuff|700|||||||\u00bb header_3_text_color=\u00bb#5B2E0D\u00bb header_3_font_size=\u00bb27px\u00bb header_3_line_height=\u00bb1.4em\u00bb text_orientation=\u00bbcenter\u00bb text_font_size_tablet=\u00bb\u00bb text_font_size_phone=\u00bb14px\u00bb text_font_size_last_edited=\u00bbon|phone\u00bb text_line_height_tablet=\u00bb1.6em\u00bb text_line_height_phone=\u00bb1.8em\u00bb text_line_height_last_edited=\u00bbon|tablet\u00bb header_3_font_size_tablet=\u00bb18px\u00bb header_3_font_size_phone=\u00bb16px\u00bb header_3_font_size_last_edited=\u00bbon|phone\u00bb header_3_line_height_tablet=\u00bb1.5em\u00bb header_3_line_height_phone=\u00bb1.6em\u00bb header_3_line_height_last_edited=\u00bbon|phone\u00bb locked=\u00bboff\u00bb global_colors_info=\u00bb{}\u00bb]<\/p>\n<h3>Complements<\/h3>\n<p>[\/et_pb_text][\/et_pb_column][et_pb_column type=\u00bb1_3&#8243; _builder_version=\u00bb4.27.4&#8243; _module_preset=\u00bbdefault\u00bb background_color=\u00bb#EDD1B0&#8243; overflow-x=\u00bbvisible\u00bb overflow-y=\u00bbvisible\u00bb custom_padding=\u00bb30px|20px|30px|20px|true|true\u00bb border_radii=\u00bbon|10px|10px|10px|10px\u00bb box_shadow_style=\u00bbpreset3&#8243; box_shadow_vertical=\u00bb15px\u00bb box_shadow_blur=\u00bb55px\u00bb box_shadow_spread=\u00bb-10px\u00bb box_shadow_color=\u00bbrgba(19,76,95,0.15)\u00bb global_colors_info=\u00bb{}\u00bb][et_pb_image src=\u00bbhttps:\/\/www.pelutspelpirineu.ad\/wp-content\/uploads\/2025\/10\/corretja.png\u00bb title_text=\u00bbcorretja\u00bb align=\u00bbcenter\u00bb _builder_version=\u00bb4.27.4&#8243; _module_preset=\u00bbdefault\u00bb background_image=\u00bbhttps:\/\/www.pelutspelpirineu.ad\/wp-content\/uploads\/2025\/10\/pet-shop-04.png\u00bb background_size=\u00bbcontain\u00bb z_index=\u00bb1&#8243; width=\u00bb20%\u00bb locked=\u00bboff\u00bb global_colors_info=\u00bb{}\u00bb][\/et_pb_image][et_pb_text _builder_version=\u00bb4.27.4&#8243; _module_preset=\u00bbdefault\u00bb text_font=\u00bbJosefin Sans||||||||\u00bb text_text_color=\u00bb#000000&#8243; text_font_size=\u00bb16px\u00bb text_line_height=\u00bb1.4em\u00bb link_text_color=\u00bb#134c5f\u00bb header_3_font=\u00bbDynaPuff|700|||||||\u00bb header_3_text_color=\u00bb#5B2E0D\u00bb header_3_font_size=\u00bb27px\u00bb header_3_line_height=\u00bb1.4em\u00bb text_orientation=\u00bbcenter\u00bb text_font_size_tablet=\u00bb\u00bb text_font_size_phone=\u00bb14px\u00bb text_font_size_last_edited=\u00bbon|phone\u00bb text_line_height_tablet=\u00bb1.6em\u00bb text_line_height_phone=\u00bb1.8em\u00bb text_line_height_last_edited=\u00bbon|tablet\u00bb header_3_font_size_tablet=\u00bb18px\u00bb header_3_font_size_phone=\u00bb16px\u00bb header_3_font_size_last_edited=\u00bbon|phone\u00bb header_3_line_height_tablet=\u00bb1.5em\u00bb header_3_line_height_phone=\u00bb1.6em\u00bb header_3_line_height_last_edited=\u00bbon|phone\u00bb locked=\u00bboff\u00bb global_colors_info=\u00bb{}\u00bb]<\/p>\n<h3>Eines<\/h3>\n<p>[\/et_pb_text][\/et_pb_column][\/et_pb_row][\/et_pb_section]<\/p>\n","protected":false},"excerpt":{"rendered":"<p>Botiga OnlineAqu\u00ed podr\u00e0s trobar records, detalls o altres obsequis per ajudar a fer cr\u00e9ixer la fam\u00edlia de Peluts pel Pirineu. Estem segurs que t&#8217;arrencaran un somriure!ManualitatsComplementsEines<\/p>\n","protected":false},"author":2,"featured_media":0,"parent":36,"menu_order":1,"comment_status":"closed","ping_status":"closed","template":"","meta":{"_et_pb_use_builder":"on","_et_pb_old_content":"","_et_gb_content_width":"","footnotes":""},"class_list":["post-90","page","type-page","status-publish","hentry"],"yoast_head":"<!-- This site is optimized with the Yoast SEO plugin v27.4 - https:\/\/yoast.com\/product\/yoast-seo-wordpress\/ -->\n<title>Botiga Online - Peluts pel Pirineu<\/title>\n<meta name=\"robots\" content=\"index, follow, max-snippet:-1, max-image-preview:large, max-video-preview:-1\" \/>\n<link rel=\"canonical\" href=\"https:\/\/www.pelutspelpirineu.ad\/?page_id=90\" \/>\n<meta property=\"og:locale\" content=\"es_ES\" \/>\n<meta property=\"og:type\" content=\"article\" \/>\n<meta property=\"og:title\" content=\"Botiga Online - Peluts pel Pirineu\" \/>\n<meta property=\"og:description\" content=\"Botiga OnlineAqu\u00ed podr\u00e0s trobar records, detalls o altres obsequis per ajudar a fer cr\u00e9ixer la fam\u00edlia de Peluts pel Pirineu. Estem segurs que t&#039;arrencaran un somriure!ManualitatsComplementsEines\" \/>\n<meta property=\"og:url\" content=\"https:\/\/www.pelutspelpirineu.ad\/?page_id=90\" \/>\n<meta property=\"og:site_name\" content=\"Peluts pel Pirineu\" \/>\n<meta property=\"article:modified_time\" content=\"2025-10-14T11:59:59+00:00\" \/>\n<meta name=\"twitter:card\" content=\"summary_large_image\" \/>\n<script type=\"application\/ld+json\" class=\"yoast-schema-graph\">{\"@context\":\"https:\\\/\\\/schema.org\",\"@graph\":[{\"@type\":\"WebPage\",\"@id\":\"https:\\\/\\\/www.pelutspelpirineu.ad\\\/?page_id=90\",\"url\":\"https:\\\/\\\/www.pelutspelpirineu.ad\\\/?page_id=90\",\"name\":\"Botiga Online - Peluts pel Pirineu\",\"isPartOf\":{\"@id\":\"https:\\\/\\\/www.pelutspelpirineu.ad\\\/#website\"},\"datePublished\":\"2025-10-13T16:49:07+00:00\",\"dateModified\":\"2025-10-14T11:59:59+00:00\",\"breadcrumb\":{\"@id\":\"https:\\\/\\\/www.pelutspelpirineu.ad\\\/?page_id=90#breadcrumb\"},\"inLanguage\":\"es\",\"potentialAction\":[{\"@type\":\"ReadAction\",\"target\":[\"https:\\\/\\\/www.pelutspelpirineu.ad\\\/?page_id=90\"]}]},{\"@type\":\"BreadcrumbList\",\"@id\":\"https:\\\/\\\/www.pelutspelpirineu.ad\\\/?page_id=90#breadcrumb\",\"itemListElement\":[{\"@type\":\"ListItem\",\"position\":1,\"name\":\"Inici\",\"item\":\"https:\\\/\\\/www.pelutspelpirineu.ad\\\/\"},{\"@type\":\"ListItem\",\"position\":2,\"name\":\"Inici\",\"item\":\"https:\\\/\\\/www.pelutspelpirineu.ad\\\/\"},{\"@type\":\"ListItem\",\"position\":3,\"name\":\"Botiga Online\"}]},{\"@type\":\"WebSite\",\"@id\":\"https:\\\/\\\/www.pelutspelpirineu.ad\\\/#website\",\"url\":\"https:\\\/\\\/www.pelutspelpirineu.ad\\\/\",\"name\":\"Peluts pel Pirineu\",\"description\":\"Escola d&#039;educaci\u00f3 canina a Andorra\",\"potentialAction\":[{\"@type\":\"SearchAction\",\"target\":{\"@type\":\"EntryPoint\",\"urlTemplate\":\"https:\\\/\\\/www.pelutspelpirineu.ad\\\/?s={search_term_string}\"},\"query-input\":{\"@type\":\"PropertyValueSpecification\",\"valueRequired\":true,\"valueName\":\"search_term_string\"}}],\"inLanguage\":\"es\"}]}<\/script>\n<!-- \/ Yoast SEO plugin. -->","yoast_head_json":{"title":"Botiga Online - Peluts pel Pirineu","robots":{"index":"index","follow":"follow","max-snippet":"max-snippet:-1","max-image-preview":"max-image-preview:large","max-video-preview":"max-video-preview:-1"},"canonical":"https:\/\/www.pelutspelpirineu.ad\/?page_id=90","og_locale":"es_ES","og_type":"article","og_title":"Botiga Online - Peluts pel Pirineu","og_description":"Botiga OnlineAqu\u00ed podr\u00e0s trobar records, detalls o altres obsequis per ajudar a fer cr\u00e9ixer la fam\u00edlia de Peluts pel Pirineu. Estem segurs que t'arrencaran un somriure!ManualitatsComplementsEines","og_url":"https:\/\/www.pelutspelpirineu.ad\/?page_id=90","og_site_name":"Peluts pel Pirineu","article_modified_time":"2025-10-14T11:59:59+00:00","twitter_card":"summary_large_image","schema":{"@context":"https:\/\/schema.org","@graph":[{"@type":"WebPage","@id":"https:\/\/www.pelutspelpirineu.ad\/?page_id=90","url":"https:\/\/www.pelutspelpirineu.ad\/?page_id=90","name":"Botiga Online - Peluts pel Pirineu","isPartOf":{"@id":"https:\/\/www.pelutspelpirineu.ad\/#website"},"datePublished":"2025-10-13T16:49:07+00:00","dateModified":"2025-10-14T11:59:59+00:00","breadcrumb":{"@id":"https:\/\/www.pelutspelpirineu.ad\/?page_id=90#breadcrumb"},"inLanguage":"es","potentialAction":[{"@type":"ReadAction","target":["https:\/\/www.pelutspelpirineu.ad\/?page_id=90"]}]},{"@type":"BreadcrumbList","@id":"https:\/\/www.pelutspelpirineu.ad\/?page_id=90#breadcrumb","itemListElement":[{"@type":"ListItem","position":1,"name":"Inici","item":"https:\/\/www.pelutspelpirineu.ad\/"},{"@type":"ListItem","position":2,"name":"Inici","item":"https:\/\/www.pelutspelpirineu.ad\/"},{"@type":"ListItem","position":3,"name":"Botiga Online"}]},{"@type":"WebSite","@id":"https:\/\/www.pelutspelpirineu.ad\/#website","url":"https:\/\/www.pelutspelpirineu.ad\/","name":"Peluts pel Pirineu","description":"Escola d&#039;educaci\u00f3 canina a Andorra","potentialAction":[{"@type":"SearchAction","target":{"@type":"EntryPoint","urlTemplate":"https:\/\/www.pelutspelpirineu.ad\/?s={search_term_string}"},"query-input":{"@type":"PropertyValueSpecification","valueRequired":true,"valueName":"search_term_string"}}],"inLanguage":"es"}]}},"jetpack_sharing_enabled":true,"_links":{"self":[{"href":"https:\/\/www.pelutspelpirineu.ad\/index.php?rest_route=\/wp\/v2\/pages\/90","targetHints":{"allow":["GET"]}}],"collection":[{"href":"https:\/\/www.pelutspelpirineu.ad\/index.php?rest_route=\/wp\/v2\/pages"}],"about":[{"href":"https:\/\/www.pelutspelpirineu.ad\/index.php?rest_route=\/wp\/v2\/types\/page"}],"author":[{"embeddable":true,"href":"https:\/\/www.pelutspelpirineu.ad\/index.php?rest_route=\/wp\/v2\/users\/2"}],"replies":[{"embeddable":true,"href":"https:\/\/www.pelutspelpirineu.ad\/index.php?rest_route=%2Fwp%2Fv2%2Fcomments&post=90"}],"version-history":[{"count":7,"href":"https:\/\/www.pelutspelpirineu.ad\/index.php?rest_route=\/wp\/v2\/pages\/90\/revisions"}],"predecessor-version":[{"id":144,"href":"https:\/\/www.pelutspelpirineu.ad\/index.php?rest_route=\/wp\/v2\/pages\/90\/revisions\/144"}],"up":[{"embeddable":true,"href":"https:\/\/www.pelutspelpirineu.ad\/index.php?rest_route=\/wp\/v2\/pages\/36"}],"wp:attachment":[{"href":"https:\/\/www.pelutspelpirineu.ad\/index.php?rest_route=%2Fwp%2Fv2%2Fmedia&parent=90"}],"curies":[{"name":"wp","href":"https:\/\/api.w.org\/{rel}","templated":true}]}}